{"id":221,"date":"2014-10-09T14:47:39","date_gmt":"2014-10-09T14:47:39","guid":{"rendered":"http:\/\/automovilessanchezalquerias.com\/?page_id=221"},"modified":"2014-10-09T14:54:45","modified_gmt":"2014-10-09T14:54:45","slug":"contact-2","status":"publish","type":"page","link":"https:\/\/automovilessanchezalquerias.com\/?page_id=221","title":{"rendered":"Contact"},"content":{"rendered":"<p>[et_pb_section fullwidth=\u00bbon\u00bb specialty=\u00bboff\u00bb][et_pb_fullwidth_menu admin_label=\u00bbFullwidth Menu\u00bb menu_id=\u00bb29&#8243; background_color=\u00bb#fce8e8&#8243; background_layout=\u00bblight\u00bb text_orientation=\u00bbleft\u00bb \/][\/et_pb_section][et_pb_section fullwidth=\u00bbon\u00bb specialty=\u00bboff\u00bb][et_pb_fullwidth_map admin_label=\u00bbFullwidth Map\u00bb zoom_level=\u00bb8&#8243; address_lat=\u00bb37.99831250000001&#8243; address_lng=\u00bb-1.0258906999999908&#8243; address=\u00bbLa Barraca, 30589, Murcia, Espa\u00f1a\u00bb mouse_wheel=\u00bbon\u00bb][et_pb_map_pin title=\u00bbAutom\u00f3viles S\u00e1nchez Alquer\u00edas\u00bb pin_address=\u00bbLa Barraca, 30589, Murcia, Espa\u00f1a\u00bb pin_address_lat=\u00bb37.998585459826536&#8243; pin_address_lng=\u00bb-1.0247419627074805&#8243;]<\/p>\n<p>Autom\u00f3viles S\u00e1nchez Alquer\u00edas<\/p>\n<p>[\/et_pb_map_pin][\/et_pb_fullwidth_map][\/et_pb_section][et_pb_section fullwidth=\u00bboff\u00bb][et_pb_row][et_pb_column type=\u00bb2_3&#8243;][et_pb_contact_form admin_label=\u00bbContact Form\u00bb captcha=\u00bbon\u00bb title=\u00bbEnviar\u00bb email=\u00bbinfo@automovilessanchezalquerias.com\u00bb \/][\/et_pb_column][et_pb_column type=\u00bb1_3&#8243;][et_pb_text admin_label=\u00bbText\u00bb background_layout=\u00bblight\u00bb text_orientation=\u00bbleft\u00bb]<\/p>\n<h3>More information<\/h3>\n<p>&nbsp;<\/p>\n<p><strong>Address:<\/strong> Ctra. de San Javier, Km 11 -n\u00ba 228<\/p>\n<p><strong>Locality:<\/strong> Alquerias \/ C.P: 30580<\/p>\n<p><strong>Province:<\/strong> Murcia<\/p>\n<p><strong>Country:<\/strong> Espa\u00f1a<\/p>\n<p><strong>Tel\u00e9phone:<\/strong> 968823388 Fax: 968824562<\/p>\n<p><strong>Mail:<\/strong> info@automovilessanchezalquerias.com<\/p>\n<p><strong>Contact:<\/strong> 09:00 \u2013 18:00 h. de Lunes a Viernes \/ S\u00e1bados de 9:00 \u2013 13:00 h).<\/p>\n<p><strong>Languages:<\/strong> Espa\u00f1ol y Alem\u00e1n<\/p>\n<p>&nbsp;<\/p>\n<p>&nbsp;<\/p>\n<p>[\/et_pb_text][\/et_pb_column][\/et_pb_row][\/et_pb_section]<\/p>\n","protected":false},"excerpt":{"rendered":"<p>Autom\u00f3viles S\u00e1nchez Alquer\u00edas <div class=\"et_pb_row et_pb_row_0 et_pb_row_empty\">\n\t\t\t\t\n\t\t\t\t\n\t\t\t\t\n\t\t\t\t\n\t\t\t\t\n\t\t\t<\/div> More information &nbsp; Address: Ctra. de San Javier, Km 11 -n\u00ba 228 Locality: Alquerias \/ C.P: 30580 Province: Murcia Country: Espa\u00f1a Tel\u00e9phone: 968823388 Fax: 968824562 Mail: info@automovilessanchezalquerias.com Contact: 09:00 \u2013 18:00 h. de Lunes a Viernes \/ S\u00e1bados de 9:00 \u2013 13:00 h). Languages: Espa\u00f1ol y Alem\u00e1n &nbsp; &nbsp;<\/p>\n","protected":false},"author":1,"featured_media":0,"parent":0,"menu_order":0,"comment_status":"closed","ping_status":"closed","template":"","meta":{"_et_pb_use_builder":"on","_et_pb_old_content":"","_et_gb_content_width":"","footnotes":""},"class_list":["post-221","page","type-page","status-publish","hentry"],"_links":{"self":[{"href":"https:\/\/automovilessanchezalquerias.com\/index.php?rest_route=\/wp\/v2\/pages\/221","targetHints":{"allow":["GET"]}}],"collection":[{"href":"https:\/\/automovilessanchezalquerias.com\/index.php?rest_route=\/wp\/v2\/pages"}],"about":[{"href":"https:\/\/automovilessanchezalquerias.com\/index.php?rest_route=\/wp\/v2\/types\/page"}],"author":[{"embeddable":true,"href":"https:\/\/automovilessanchezalquerias.com\/index.php?rest_route=\/wp\/v2\/users\/1"}],"replies":[{"embeddable":true,"href":"https:\/\/automovilessanchezalquerias.com\/index.php?rest_route=%2Fwp%2Fv2%2Fcomments&post=221"}],"version-history":[{"count":2,"href":"https:\/\/automovilessanchezalquerias.com\/index.php?rest_route=\/wp\/v2\/pages\/221\/revisions"}],"predecessor-version":[{"id":224,"href":"https:\/\/automovilessanchezalquerias.com\/index.php?rest_route=\/wp\/v2\/pages\/221\/revisions\/224"}],"wp:attachment":[{"href":"https:\/\/automovilessanchezalquerias.com\/index.php?rest_route=%2Fwp%2Fv2%2Fmedia&parent=221"}],"curies":[{"name":"wp","href":"https:\/\/api.w.org\/{rel}","templated":true}]}}